{"id":12,"date":"2022-07-25T21:06:03","date_gmt":"2022-07-25T19:06:03","guid":{"rendered":"https:\/\/schreibmut.ch\/wordpress\/?page_id=12"},"modified":"2023-02-03T17:14:30","modified_gmt":"2023-02-03T16:14:30","slug":"reggy-der-autor","status":"publish","type":"page","link":"https:\/\/schreibmut.ch\/?page_id=12","title":{"rendered":"Reggy der Autor"},"content":{"rendered":"<h2>Das Purgatorium eines M\u00f6chtegern-Autors<\/h2>\n<p class=\"grundstyle\">Sch\u00f6nwetter-Schreibblogs gibt es wie Sand am Meer. Das ist keiner davon.<\/p>\n<div id=\"element_5b5cce8592da9475253a8b0ecec2351d\" class=\"wc_element wc_element_content_container wc_content_container \">\n<div class=\"wc_content_container_inner\">\n<div class=\"wc_element wc_element_row \">\n<div class=\"wc_element wc_element_col \">\n<div id=\"element_d50dc1e1c208ac0df38fb6e90c7a463a\" class=\"wc_element wc_element_text \">\n<div class=\"wc_element_text_inner\">\n<h4 class=\"leadText\"><img loading=\"lazy\" decoding=\"async\" class=\"wp-image-197 size-medium alignleft\" src=\"https:\/\/schreibmut.ch\/wordpress\/wp-content\/uploads\/2023\/02\/Einhorn-2-270x300.png\" alt=\"Reggy das Einhorn\" width=\"270\" height=\"300\" srcset=\"https:\/\/schreibmut.ch\/wordpress\/wp-content\/uploads\/2023\/02\/Einhorn-2-270x300.png 270w, https:\/\/schreibmut.ch\/wordpress\/wp-content\/uploads\/2023\/02\/Einhorn-2-921x1024.png 921w, https:\/\/schreibmut.ch\/wordpress\/wp-content\/uploads\/2023\/02\/Einhorn-2-768x854.png 768w, https:\/\/schreibmut.ch\/wordpress\/wp-content\/uploads\/2023\/02\/Einhorn-2-1382x1536.png 1382w, https:\/\/schreibmut.ch\/wordpress\/wp-content\/uploads\/2023\/02\/Einhorn-2-900x1000.png 900w, https:\/\/schreibmut.ch\/wordpress\/wp-content\/uploads\/2023\/02\/Einhorn-2-1280x1423.png 1280w, https:\/\/schreibmut.ch\/wordpress\/wp-content\/uploads\/2023\/02\/Einhorn-2.png 1443w\" sizes=\"auto, (max-width: 270px) 100vw, 270px\" \/>Ich bin Reggy<\/h4>\n<p>Ich liebe Worte. Ich liebe Papier. Ich liebe Notizb\u00fccher und Stifte. Ich liebe B\u00fccher. Und ich liebe Geschichten. Aber nur die gut erz\u00e4hlten.<\/p>\n<p>Da ich ein Angsthase bin, traue ich mich nicht, Geschichten zu erz\u00e4hlen. Leider ist mein Kopf voller Geschichten, die erz\u00e4hlt werden wollen. Also schreibe ich sie nieder. Dann schlummern sie als Tinte auf Papier in der Hoffnung, vielleicht nach meinem Ableben einmal Frischluft schnuppern zu k\u00f6nnen.<\/p>\n<p>Leider ist mein Gehirn ein Schlachtfeld innerer D\u00e4monen und ein Tummelplatz f\u00fcr Selbstzweifel. Nichts, was ich tue, ist je gut genug.<\/p>\n<p>&nbsp;<\/p>\n<\/div>\n<\/div>\n<\/div>\n<\/div>\n<\/div>\n<\/div>\n<div id=\"element_f2a39355bacd6420ea069400778aac3f\" class=\"wc_element wc_element_content_container wc_content_container \">\n<div class=\"wc_content_container_inner\">\n<div id=\"element_e24accd3b1e7610930f62d9528a363b3\" class=\"wc_element wc_element_text \">\n<div class=\"wc_element_text_inner\">\n<h4 class=\"style1style\">Darum ist SchreibMut entstanden<\/h4>\n<p class=\"grundstyle\">Da ich beim Romanschreiben laufend scheitere, habe ich nach Geschichten und Selbsterfahrungen zu den Themen Scheitern, Schreiben und Kreativit\u00e4t gesucht. Mit m\u00e4ssigem Erfolg. Es scheint da draussen nur erfolgreiche Schreibende zu geben.<\/p>\n<p>Daraus entstand die Idee f\u00fcr diesen Blog. Scheitern ist normal, es ist allt\u00e4glich. Versagen geh\u00f6rt dazu und es wird h\u00f6chste Zeit, dass wir uns unsere Unzul\u00e4nglichkeiten eingestehen. So gehe ich mit gutem Beispiel voran und teile auf meiner Reise all die Niederlagen, Fehlschl\u00e4ge und Gedanken mit euch.<\/p>\n<p>Nat\u00fcrlich teile ich auch meine Erfolge. Der Schwerpunk dieses Blogs liegt aber auf den Hindernissen, die ich \u00fcberwinden werde, bevor ich die erl\u00f6senden vier Buchstaben ENDE unter mein erstes Manuskript setzen kann.<\/p>\n<\/div>\n<\/div>\n<\/div>\n<\/div>\n<p>&nbsp;<\/p>\n","protected":false},"excerpt":{"rendered":"<p>Das Purgatorium eines M\u00f6chtegern-Autors Sch\u00f6nwetter-Schreibblogs gibt es wie Sand am Meer. Das ist keiner davon. Ich bin Reggy Ich liebe Worte. Ich liebe Papier. Ich liebe Notizb\u00fccher und Stifte. Ich liebe B\u00fccher. Und ich liebe Geschichten. Aber nur die gut erz\u00e4hlten. Da ich ein Angsthase bin, traue ich mich nicht, Geschichten zu erz\u00e4hlen. Leider ist [&hellip;]<\/p>\n","protected":false},"author":1,"featured_media":195,"parent":0,"menu_order":0,"comment_status":"closed","ping_status":"closed","template":"","meta":{"footnotes":""},"class_list":["post-12","page","type-page","status-publish","has-post-thumbnail","hentry"],"yoast_head":"<!-- This site is optimized with the Yoast SEO plugin v27.4 - https:\/\/yoast.com\/product\/yoast-seo-wordpress\/ -->\n<title>Reggy der Autor - SchreibMut<\/title>\n<meta name=\"description\" content=\"Ich bin Reggy. Da ich beim Romanschreiben laufend scheitere, schreibe ich zu den Themen Scheitern, Schreiben und Kreativit\u00e4t.\" \/>\n<meta name=\"robots\" content=\"index, follow, max-snippet:-1, max-image-preview:large, max-video-preview:-1\" \/>\n<link rel=\"canonical\" href=\"https:\/\/schreibmut.ch\/?page_id=12\" \/>\n<meta property=\"og:locale\" content=\"de_DE\" \/>\n<meta property=\"og:type\" content=\"article\" \/>\n<meta property=\"og:title\" content=\"Reggy der Autor - SchreibMut\" \/>\n<meta property=\"og:description\" content=\"Ich bin Reggy. Da ich beim Romanschreiben laufend scheitere, schreibe ich zu den Themen Scheitern, Schreiben und Kreativit\u00e4t.\" \/>\n<meta property=\"og:url\" content=\"https:\/\/schreibmut.ch\/?page_id=12\" \/>\n<meta property=\"og:site_name\" content=\"SchreibMut\" \/>\n<meta property=\"article:modified_time\" content=\"2023-02-03T16:14:30+00:00\" \/>\n<meta property=\"og:image\" content=\"https:\/\/schreibmut.ch\/wordpress\/wp-content\/uploads\/2023\/02\/Einhorn-768x1024.png\" \/>\n\t<meta property=\"og:image:width\" content=\"768\" \/>\n\t<meta property=\"og:image:height\" content=\"1024\" \/>\n\t<meta property=\"og:image:type\" content=\"image\/png\" \/>\n<meta name=\"twitter:card\" content=\"summary_large_image\" \/>\n<meta name=\"twitter:label1\" content=\"Gesch\u00e4tzte Lesezeit\" \/>\n\t<meta name=\"twitter:data1\" content=\"2\u00a0Minuten\" \/>\n<script type=\"application\/ld+json\" class=\"yoast-schema-graph\">{\"@context\":\"https:\\\/\\\/schema.org\",\"@graph\":[{\"@type\":\"WebPage\",\"@id\":\"https:\\\/\\\/schreibmut.ch\\\/?page_id=12\",\"url\":\"https:\\\/\\\/schreibmut.ch\\\/?page_id=12\",\"name\":\"Reggy der Autor - SchreibMut\",\"isPartOf\":{\"@id\":\"https:\\\/\\\/schreibmut.ch\\\/#website\"},\"primaryImageOfPage\":{\"@id\":\"https:\\\/\\\/schreibmut.ch\\\/?page_id=12#primaryimage\"},\"image\":{\"@id\":\"https:\\\/\\\/schreibmut.ch\\\/?page_id=12#primaryimage\"},\"thumbnailUrl\":\"https:\\\/\\\/schreibmut.ch\\\/wordpress\\\/wp-content\\\/uploads\\\/2023\\\/02\\\/Einhorn.png\",\"datePublished\":\"2022-07-25T19:06:03+00:00\",\"dateModified\":\"2023-02-03T16:14:30+00:00\",\"description\":\"Ich bin Reggy. Da ich beim Romanschreiben laufend scheitere, schreibe ich zu den Themen Scheitern, Schreiben und Kreativit\u00e4t.\",\"breadcrumb\":{\"@id\":\"https:\\\/\\\/schreibmut.ch\\\/?page_id=12#breadcrumb\"},\"inLanguage\":\"de\",\"potentialAction\":[{\"@type\":\"ReadAction\",\"target\":[\"https:\\\/\\\/schreibmut.ch\\\/?page_id=12\"]}]},{\"@type\":\"ImageObject\",\"inLanguage\":\"de\",\"@id\":\"https:\\\/\\\/schreibmut.ch\\\/?page_id=12#primaryimage\",\"url\":\"https:\\\/\\\/schreibmut.ch\\\/wordpress\\\/wp-content\\\/uploads\\\/2023\\\/02\\\/Einhorn.png\",\"contentUrl\":\"https:\\\/\\\/schreibmut.ch\\\/wordpress\\\/wp-content\\\/uploads\\\/2023\\\/02\\\/Einhorn.png\",\"width\":1536,\"height\":2048,\"caption\":\"Reggy das Einhorn\"},{\"@type\":\"BreadcrumbList\",\"@id\":\"https:\\\/\\\/schreibmut.ch\\\/?page_id=12#breadcrumb\",\"itemListElement\":[{\"@type\":\"ListItem\",\"position\":1,\"name\":\"Startseite\",\"item\":\"https:\\\/\\\/schreibmut.ch\\\/\"},{\"@type\":\"ListItem\",\"position\":2,\"name\":\"Reggy der Autor\"}]},{\"@type\":\"WebSite\",\"@id\":\"https:\\\/\\\/schreibmut.ch\\\/#website\",\"url\":\"https:\\\/\\\/schreibmut.ch\\\/\",\"name\":\"SchreibMut\",\"description\":\"Schreiben braucht Mut\",\"potentialAction\":[{\"@type\":\"SearchAction\",\"target\":{\"@type\":\"EntryPoint\",\"urlTemplate\":\"https:\\\/\\\/schreibmut.ch\\\/?s={search_term_string}\"},\"query-input\":{\"@type\":\"PropertyValueSpecification\",\"valueRequired\":true,\"valueName\":\"search_term_string\"}}],\"inLanguage\":\"de\"}]}<\/script>\n<!-- \/ Yoast SEO plugin. -->","yoast_head_json":{"title":"Reggy der Autor - SchreibMut","description":"Ich bin Reggy. Da ich beim Romanschreiben laufend scheitere, schreibe ich zu den Themen Scheitern, Schreiben und Kreativit\u00e4t.","robots":{"index":"index","follow":"follow","max-snippet":"max-snippet:-1","max-image-preview":"max-image-preview:large","max-video-preview":"max-video-preview:-1"},"canonical":"https:\/\/schreibmut.ch\/?page_id=12","og_locale":"de_DE","og_type":"article","og_title":"Reggy der Autor - SchreibMut","og_description":"Ich bin Reggy. Da ich beim Romanschreiben laufend scheitere, schreibe ich zu den Themen Scheitern, Schreiben und Kreativit\u00e4t.","og_url":"https:\/\/schreibmut.ch\/?page_id=12","og_site_name":"SchreibMut","article_modified_time":"2023-02-03T16:14:30+00:00","og_image":[{"width":768,"height":1024,"url":"https:\/\/schreibmut.ch\/wordpress\/wp-content\/uploads\/2023\/02\/Einhorn-768x1024.png","type":"image\/png"}],"twitter_card":"summary_large_image","twitter_misc":{"Gesch\u00e4tzte Lesezeit":"2\u00a0Minuten"},"schema":{"@context":"https:\/\/schema.org","@graph":[{"@type":"WebPage","@id":"https:\/\/schreibmut.ch\/?page_id=12","url":"https:\/\/schreibmut.ch\/?page_id=12","name":"Reggy der Autor - SchreibMut","isPartOf":{"@id":"https:\/\/schreibmut.ch\/#website"},"primaryImageOfPage":{"@id":"https:\/\/schreibmut.ch\/?page_id=12#primaryimage"},"image":{"@id":"https:\/\/schreibmut.ch\/?page_id=12#primaryimage"},"thumbnailUrl":"https:\/\/schreibmut.ch\/wordpress\/wp-content\/uploads\/2023\/02\/Einhorn.png","datePublished":"2022-07-25T19:06:03+00:00","dateModified":"2023-02-03T16:14:30+00:00","description":"Ich bin Reggy. Da ich beim Romanschreiben laufend scheitere, schreibe ich zu den Themen Scheitern, Schreiben und Kreativit\u00e4t.","breadcrumb":{"@id":"https:\/\/schreibmut.ch\/?page_id=12#breadcrumb"},"inLanguage":"de","potentialAction":[{"@type":"ReadAction","target":["https:\/\/schreibmut.ch\/?page_id=12"]}]},{"@type":"ImageObject","inLanguage":"de","@id":"https:\/\/schreibmut.ch\/?page_id=12#primaryimage","url":"https:\/\/schreibmut.ch\/wordpress\/wp-content\/uploads\/2023\/02\/Einhorn.png","contentUrl":"https:\/\/schreibmut.ch\/wordpress\/wp-content\/uploads\/2023\/02\/Einhorn.png","width":1536,"height":2048,"caption":"Reggy das Einhorn"},{"@type":"BreadcrumbList","@id":"https:\/\/schreibmut.ch\/?page_id=12#breadcrumb","itemListElement":[{"@type":"ListItem","position":1,"name":"Startseite","item":"https:\/\/schreibmut.ch\/"},{"@type":"ListItem","position":2,"name":"Reggy der Autor"}]},{"@type":"WebSite","@id":"https:\/\/schreibmut.ch\/#website","url":"https:\/\/schreibmut.ch\/","name":"SchreibMut","description":"Schreiben braucht Mut","potentialAction":[{"@type":"SearchAction","target":{"@type":"EntryPoint","urlTemplate":"https:\/\/schreibmut.ch\/?s={search_term_string}"},"query-input":{"@type":"PropertyValueSpecification","valueRequired":true,"valueName":"search_term_string"}}],"inLanguage":"de"}]}},"_links":{"self":[{"href":"https:\/\/schreibmut.ch\/index.php?rest_route=\/wp\/v2\/pages\/12","targetHints":{"allow":["GET"]}}],"collection":[{"href":"https:\/\/schreibmut.ch\/index.php?rest_route=\/wp\/v2\/pages"}],"about":[{"href":"https:\/\/schreibmut.ch\/index.php?rest_route=\/wp\/v2\/types\/page"}],"author":[{"embeddable":true,"href":"https:\/\/schreibmut.ch\/index.php?rest_route=\/wp\/v2\/users\/1"}],"replies":[{"embeddable":true,"href":"https:\/\/schreibmut.ch\/index.php?rest_route=%2Fwp%2Fv2%2Fcomments&post=12"}],"version-history":[{"count":13,"href":"https:\/\/schreibmut.ch\/index.php?rest_route=\/wp\/v2\/pages\/12\/revisions"}],"predecessor-version":[{"id":205,"href":"https:\/\/schreibmut.ch\/index.php?rest_route=\/wp\/v2\/pages\/12\/revisions\/205"}],"wp:featuredmedia":[{"embeddable":true,"href":"https:\/\/schreibmut.ch\/index.php?rest_route=\/wp\/v2\/media\/195"}],"wp:attachment":[{"href":"https:\/\/schreibmut.ch\/index.php?rest_route=%2Fwp%2Fv2%2Fmedia&parent=12"}],"curies":[{"name":"wp","href":"https:\/\/api.w.org\/{rel}","templated":true}]}}