{"id":108,"date":"2022-07-26T06:43:15","date_gmt":"2022-07-26T04:43:15","guid":{"rendered":"https:\/\/schreibmut.ch\/wordpress\/?page_id=108"},"modified":"2025-03-11T18:57:56","modified_gmt":"2025-03-11T17:57:56","slug":"startseite-2","status":"publish","type":"page","link":"https:\/\/schreibmut.ch\/?page_id=108","title":{"rendered":"Startseite"},"content":{"rendered":"<h1 style=\"text-align: left;\">Schreiben braucht Mut<\/h1>\n<p style=\"text-align: left;\">Dieser Blog soll angehenden Schreibenden Mut machen, ihr Vorhaben zu verwirklichen. Mit einem Klick findet man im Internet unz\u00e4hlige Seiten, die sich mit dem Schreiben befassen. Leider beschreiben die Meisten davon nur die ben\u00f6tigten Fertigkeiten. Dieser Blog besch\u00e4ftigt sich hingegen mit der Angst vor Scheitern, Zur\u00fcckweisung und gef\u00fchlter Unzul\u00e4nglichkeit.<\/p>\n","protected":false},"excerpt":{"rendered":"<p>Schreiben braucht Mut Dieser Blog soll angehenden Schreibenden Mut machen, ihr Vorhaben zu verwirklichen. Mit einem Klick findet man im Internet unz\u00e4hlige Seiten, die sich mit dem Schreiben befassen. Leider beschreiben die Meisten davon nur die ben\u00f6tigten Fertigkeiten. Dieser Blog besch\u00e4ftigt sich hingegen mit der Angst vor Scheitern, Zur\u00fcckweisung und gef\u00fchlter Unzul\u00e4nglichkeit.<\/p>\n","protected":false},"author":1,"featured_media":0,"parent":0,"menu_order":0,"comment_status":"closed","ping_status":"closed","template":"","meta":{"footnotes":""},"class_list":["post-108","page","type-page","status-publish","hentry"],"yoast_head":"<!-- This site is optimized with the Yoast SEO plugin v27.4 - https:\/\/yoast.com\/product\/yoast-seo-wordpress\/ -->\n<title>Startseite - SchreibMut<\/title>\n<meta name=\"robots\" content=\"index, follow, max-snippet:-1, max-image-preview:large, max-video-preview:-1\" \/>\n<link rel=\"canonical\" href=\"https:\/\/schreibmut.ch\/?page_id=108\" \/>\n<meta property=\"og:locale\" content=\"de_DE\" \/>\n<meta property=\"og:type\" content=\"article\" \/>\n<meta property=\"og:title\" content=\"Startseite - SchreibMut\" \/>\n<meta property=\"og:description\" content=\"Schreiben braucht Mut Dieser Blog soll angehenden Schreibenden Mut machen, ihr Vorhaben zu verwirklichen. Mit einem Klick findet man im Internet unz\u00e4hlige Seiten, die sich mit dem Schreiben befassen. Leider beschreiben die Meisten davon nur die ben\u00f6tigten Fertigkeiten. Dieser Blog besch\u00e4ftigt sich hingegen mit der Angst vor Scheitern, Zur\u00fcckweisung und gef\u00fchlter Unzul\u00e4nglichkeit.\" \/>\n<meta property=\"og:url\" content=\"https:\/\/schreibmut.ch\/?page_id=108\" \/>\n<meta property=\"og:site_name\" content=\"SchreibMut\" \/>\n<meta property=\"article:modified_time\" content=\"2025-03-11T17:57:56+00:00\" \/>\n<meta name=\"twitter:card\" content=\"summary_large_image\" \/>\n<meta name=\"twitter:label1\" content=\"Gesch\u00e4tzte Lesezeit\" \/>\n\t<meta name=\"twitter:data1\" content=\"1\u00a0Minute\" \/>\n<script type=\"application\/ld+json\" class=\"yoast-schema-graph\">{\"@context\":\"https:\\\/\\\/schema.org\",\"@graph\":[{\"@type\":\"WebPage\",\"@id\":\"https:\\\/\\\/schreibmut.ch\\\/?page_id=108\",\"url\":\"https:\\\/\\\/schreibmut.ch\\\/?page_id=108\",\"name\":\"Startseite - SchreibMut\",\"isPartOf\":{\"@id\":\"https:\\\/\\\/schreibmut.ch\\\/#website\"},\"datePublished\":\"2022-07-26T04:43:15+00:00\",\"dateModified\":\"2025-03-11T17:57:56+00:00\",\"breadcrumb\":{\"@id\":\"https:\\\/\\\/schreibmut.ch\\\/?page_id=108#breadcrumb\"},\"inLanguage\":\"de\",\"potentialAction\":[{\"@type\":\"ReadAction\",\"target\":[\"https:\\\/\\\/schreibmut.ch\\\/?page_id=108\"]}]},{\"@type\":\"BreadcrumbList\",\"@id\":\"https:\\\/\\\/schreibmut.ch\\\/?page_id=108#breadcrumb\",\"itemListElement\":[{\"@type\":\"ListItem\",\"position\":1,\"name\":\"Startseite\",\"item\":\"https:\\\/\\\/schreibmut.ch\\\/\"},{\"@type\":\"ListItem\",\"position\":2,\"name\":\"Startseite\"}]},{\"@type\":\"WebSite\",\"@id\":\"https:\\\/\\\/schreibmut.ch\\\/#website\",\"url\":\"https:\\\/\\\/schreibmut.ch\\\/\",\"name\":\"SchreibMut\",\"description\":\"Schreiben braucht Mut\",\"potentialAction\":[{\"@type\":\"SearchAction\",\"target\":{\"@type\":\"EntryPoint\",\"urlTemplate\":\"https:\\\/\\\/schreibmut.ch\\\/?s={search_term_string}\"},\"query-input\":{\"@type\":\"PropertyValueSpecification\",\"valueRequired\":true,\"valueName\":\"search_term_string\"}}],\"inLanguage\":\"de\"}]}<\/script>\n<!-- \/ Yoast SEO plugin. -->","yoast_head_json":{"title":"Startseite - SchreibMut","robots":{"index":"index","follow":"follow","max-snippet":"max-snippet:-1","max-image-preview":"max-image-preview:large","max-video-preview":"max-video-preview:-1"},"canonical":"https:\/\/schreibmut.ch\/?page_id=108","og_locale":"de_DE","og_type":"article","og_title":"Startseite - SchreibMut","og_description":"Schreiben braucht Mut Dieser Blog soll angehenden Schreibenden Mut machen, ihr Vorhaben zu verwirklichen. Mit einem Klick findet man im Internet unz\u00e4hlige Seiten, die sich mit dem Schreiben befassen. Leider beschreiben die Meisten davon nur die ben\u00f6tigten Fertigkeiten. Dieser Blog besch\u00e4ftigt sich hingegen mit der Angst vor Scheitern, Zur\u00fcckweisung und gef\u00fchlter Unzul\u00e4nglichkeit.","og_url":"https:\/\/schreibmut.ch\/?page_id=108","og_site_name":"SchreibMut","article_modified_time":"2025-03-11T17:57:56+00:00","twitter_card":"summary_large_image","twitter_misc":{"Gesch\u00e4tzte Lesezeit":"1\u00a0Minute"},"schema":{"@context":"https:\/\/schema.org","@graph":[{"@type":"WebPage","@id":"https:\/\/schreibmut.ch\/?page_id=108","url":"https:\/\/schreibmut.ch\/?page_id=108","name":"Startseite - SchreibMut","isPartOf":{"@id":"https:\/\/schreibmut.ch\/#website"},"datePublished":"2022-07-26T04:43:15+00:00","dateModified":"2025-03-11T17:57:56+00:00","breadcrumb":{"@id":"https:\/\/schreibmut.ch\/?page_id=108#breadcrumb"},"inLanguage":"de","potentialAction":[{"@type":"ReadAction","target":["https:\/\/schreibmut.ch\/?page_id=108"]}]},{"@type":"BreadcrumbList","@id":"https:\/\/schreibmut.ch\/?page_id=108#breadcrumb","itemListElement":[{"@type":"ListItem","position":1,"name":"Startseite","item":"https:\/\/schreibmut.ch\/"},{"@type":"ListItem","position":2,"name":"Startseite"}]},{"@type":"WebSite","@id":"https:\/\/schreibmut.ch\/#website","url":"https:\/\/schreibmut.ch\/","name":"SchreibMut","description":"Schreiben braucht Mut","potentialAction":[{"@type":"SearchAction","target":{"@type":"EntryPoint","urlTemplate":"https:\/\/schreibmut.ch\/?s={search_term_string}"},"query-input":{"@type":"PropertyValueSpecification","valueRequired":true,"valueName":"search_term_string"}}],"inLanguage":"de"}]}},"_links":{"self":[{"href":"https:\/\/schreibmut.ch\/index.php?rest_route=\/wp\/v2\/pages\/108","targetHints":{"allow":["GET"]}}],"collection":[{"href":"https:\/\/schreibmut.ch\/index.php?rest_route=\/wp\/v2\/pages"}],"about":[{"href":"https:\/\/schreibmut.ch\/index.php?rest_route=\/wp\/v2\/types\/page"}],"author":[{"embeddable":true,"href":"https:\/\/schreibmut.ch\/index.php?rest_route=\/wp\/v2\/users\/1"}],"replies":[{"embeddable":true,"href":"https:\/\/schreibmut.ch\/index.php?rest_route=%2Fwp%2Fv2%2Fcomments&post=108"}],"version-history":[{"count":4,"href":"https:\/\/schreibmut.ch\/index.php?rest_route=\/wp\/v2\/pages\/108\/revisions"}],"predecessor-version":[{"id":308,"href":"https:\/\/schreibmut.ch\/index.php?rest_route=\/wp\/v2\/pages\/108\/revisions\/308"}],"wp:attachment":[{"href":"https:\/\/schreibmut.ch\/index.php?rest_route=%2Fwp%2Fv2%2Fmedia&parent=108"}],"curies":[{"name":"wp","href":"https:\/\/api.w.org\/{rel}","templated":true}]}}